{"id":1194,"date":"2024-03-24T01:41:06","date_gmt":"2024-03-24T06:41:06","guid":{"rendered":"https:\/\/serviciosgc.com\/?page_id=1194"},"modified":"2024-03-24T02:06:35","modified_gmt":"2024-03-24T07:06:35","slug":"construccion","status":"publish","type":"page","link":"https:\/\/serviciosgc.com\/index.php\/construccion\/","title":{"rendered":"Construcci\u00f3n"},"content":{"rendered":"\n<h2 class=\"wp-block-heading\"><span style=\"color: #1558aa;\" class=\"stk-highlight\">Construye con Nosotros<\/span><\/h2>\n\n\n\n<div class=\"wp-block-stackable-text stk-block-text stk-block stk-4c0f3cf\" data-block-id=\"4c0f3cf\"><p class=\"stk-block-text__text has-text-align-justify\">Garantizamos la ejecuci\u00f3n de tu proyecto con el presupuesto, plazo y calidad, gestionando mejoras en el proceso constructivo aplicando la metodolog\u00eda BIM, logrando beneficios y la satisfacci\u00f3n del cliente.<\/p><\/div>\n\n\n\n<div class=\"wp-block-stackable-text stk-block-text stk-block stk-a630b5f\" data-block-id=\"a630b5f\"><p class=\"stk-block-text__text has-text-align-justify\">Las im\u00e1genes mostradas pertenecen al dise\u00f1o en software de la edificaci\u00f3n, para tomar las mejores decisiones en su remodelaci\u00f3n y su posterior construcci\u00f3n; visualiz\u00e1ndolo mejor en el modelado 3D para de acuerdo a ello tomar las mejores alternativas del cliente con un asesoramiento t\u00e9cnico especializado antes de ejecutar la construcci\u00f3n.<\/p><\/div>\n\n\n\n<div class=\"wp-block-stackable-columns stk-block-columns stk-block stk-ca28e86\" data-block-id=\"ca28e86\"><div class=\"stk-row stk-inner-blocks has-text-align-center stk-block-content stk-content-align stk-ca28e86-column\">\n<div class=\"wp-block-stackable-column stk-block-column stk-column stk-block stk-9756db5\" data-v=\"4\" data-block-id=\"9756db5\"><style>@media screen and (min-width:768px){.stk-9756db5{flex:1 1 calc(42.2% - var(--stk-column-gap,0px) * 1 \/ 2 ) !important}}<\/style><div class=\"stk-column-wrapper stk-block-column__content stk-container stk-9756db5-container stk--no-background stk--no-padding\"><div class=\"stk-block-content stk-inner-blocks stk-9756db5-inner-blocks\">\n<figure class=\"wp-block-image size-large is-resized\"><img loading=\"lazy\" decoding=\"async\" width=\"1024\" height=\"768\" src=\"http:\/\/serviciosgc.com\/wp-content\/uploads\/2024\/03\/foto-frontal-1024x768.jpeg\" alt=\"\" class=\"wp-image-1195\" style=\"width:519px;height:auto\" srcset=\"https:\/\/serviciosgc.com\/wp-content\/uploads\/2024\/03\/foto-frontal-1024x768.jpeg 1024w, https:\/\/serviciosgc.com\/wp-content\/uploads\/2024\/03\/foto-frontal-300x225.jpeg 300w, https:\/\/serviciosgc.com\/wp-content\/uploads\/2024\/03\/foto-frontal-768x576.jpeg 768w, https:\/\/serviciosgc.com\/wp-content\/uploads\/2024\/03\/foto-frontal-1536x1152.jpeg 1536w, https:\/\/serviciosgc.com\/wp-content\/uploads\/2024\/03\/foto-frontal.jpeg 1600w\" sizes=\"(max-width: 1024px) 100vw, 1024px\" \/><\/figure>\n<\/div><\/div><\/div>\n\n\n\n<div class=\"wp-block-stackable-column stk-block-column stk-column stk-block stk-e085fe3\" data-v=\"4\" data-block-id=\"e085fe3\"><style>@media screen and (min-width:768px){.stk-e085fe3{flex:1 1 calc(57.79999999999998% - var(--stk-column-gap,0px) * 1 \/ 2 ) !important}}<\/style><div class=\"stk-column-wrapper stk-block-column__content stk-container stk-e085fe3-container stk--no-background stk--no-padding\"><div class=\"stk-block-content stk-inner-blocks stk-e085fe3-inner-blocks\">\n<figure class=\"wp-block-image size-large is-resized\"><img loading=\"lazy\" decoding=\"async\" width=\"1024\" height=\"551\" src=\"http:\/\/serviciosgc.com\/wp-content\/uploads\/2024\/03\/Remodelamiento-de-Casa_01-1024x551.png\" alt=\"\" class=\"wp-image-1196\" style=\"width:723px;height:auto\" srcset=\"https:\/\/serviciosgc.com\/wp-content\/uploads\/2024\/03\/Remodelamiento-de-Casa_01-1024x551.png 1024w, https:\/\/serviciosgc.com\/wp-content\/uploads\/2024\/03\/Remodelamiento-de-Casa_01-300x161.png 300w, https:\/\/serviciosgc.com\/wp-content\/uploads\/2024\/03\/Remodelamiento-de-Casa_01-768x413.png 768w, https:\/\/serviciosgc.com\/wp-content\/uploads\/2024\/03\/Remodelamiento-de-Casa_01-1536x826.png 1536w, https:\/\/serviciosgc.com\/wp-content\/uploads\/2024\/03\/Remodelamiento-de-Casa_01.png 1920w\" sizes=\"(max-width: 1024px) 100vw, 1024px\" \/><\/figure>\n<\/div><\/div><\/div>\n<\/div><\/div>\n\n\n\n<div class=\"wp-block-stackable-text stk-block-text stk-block stk-0bc92e0\" data-block-id=\"0bc92e0\"><p class=\"stk-block-text__text has-text-align-justify\">Te ofrecemos un servicio calificado para la ejecuci\u00f3n de:<\/p><\/div>\n\n\n\n<ul>\n<li>Edificaciones (centros educativos, de salud, comerciales y recreacionales)<\/li>\n\n\n\n<li>Obras de Saneamiento<\/li>\n\n\n\n<li>Obras Viales<\/li>\n\n\n\n<li>Obras Hidr\u00e1ulicas<\/li>\n\n\n\n<li>Estructuras Met\u00e1licas<\/li>\n<\/ul>\n","protected":false},"excerpt":{"rendered":"<p>Construye con Nosotros Garantizamos la ejecuci\u00f3n de tu proyecto con el presupuesto, plazo y calidad, gestionando mejoras en el proceso constructivo aplicando la metodolog\u00eda BIM, logrando beneficios y la satisfacci\u00f3n del cliente. Las im\u00e1genes mostradas pertenecen al dise\u00f1o en software de la edificaci\u00f3n, para tomar las mejores decisiones en su remodelaci\u00f3n y su posterior construcci\u00f3n; [&hellip;]<\/p>\n","protected":false},"author":1,"featured_media":0,"parent":0,"menu_order":0,"comment_status":"closed","ping_status":"closed","template":"","meta":{"om_disable_all_campaigns":false,"_monsterinsights_skip_tracking":false,"_monsterinsights_sitenote_active":false,"_monsterinsights_sitenote_note":"","_monsterinsights_sitenote_category":0,"footnotes":"","_joinchat":[]},"blocksy_meta":[],"aioseo_notices":[],"_links":{"self":[{"href":"https:\/\/serviciosgc.com\/index.php\/wp-json\/wp\/v2\/pages\/1194"}],"collection":[{"href":"https:\/\/serviciosgc.com\/index.php\/wp-json\/wp\/v2\/pages"}],"about":[{"href":"https:\/\/serviciosgc.com\/index.php\/wp-json\/wp\/v2\/types\/page"}],"author":[{"embeddable":true,"href":"https:\/\/serviciosgc.com\/index.php\/wp-json\/wp\/v2\/users\/1"}],"replies":[{"embeddable":true,"href":"https:\/\/serviciosgc.com\/index.php\/wp-json\/wp\/v2\/comments?post=1194"}],"version-history":[{"count":3,"href":"https:\/\/serviciosgc.com\/index.php\/wp-json\/wp\/v2\/pages\/1194\/revisions"}],"predecessor-version":[{"id":1206,"href":"https:\/\/serviciosgc.com\/index.php\/wp-json\/wp\/v2\/pages\/1194\/revisions\/1206"}],"wp:attachment":[{"href":"https:\/\/serviciosgc.com\/index.php\/wp-json\/wp\/v2\/media?parent=1194"}],"curies":[{"name":"wp","href":"https:\/\/api.w.org\/{rel}","templated":true}]}}